{"id":139,"date":"2015-05-14T08:45:35","date_gmt":"2015-05-14T12:45:35","guid":{"rendered":"http:\/\/cloud.cnpgc.embrapa.br\/nti\/?page_id=139"},"modified":"2015-05-14T08:48:46","modified_gmt":"2015-05-14T12:48:46","slug":"website-na-nuvem-de-hotsites","status":"publish","type":"page","link":"https:\/\/cloud.cnpgc.embrapa.br\/nti\/website-na-nuvem-de-hotsites\/","title":{"rendered":"Website na Nuvem de Hotsites da Embrapa Gado de Corte"},"content":{"rendered":"<p style=\"text-align: justify;\">Para solicitar a <strong>cria\u00e7\u00e3o de um website<\/strong> neste ambiente da <a href=\"http:\/\/cloud.cnpgc.embrapa.br\">Nuvem de Hotsites da Embrapa Gado de Corte<\/a>, por favor, preencha o formul\u00e1rio abaixo:<\/p>\n<p><iframe style=\"border: #EEE 2px solid; width: 100%; height: 1000px; overflow: auto;\" src=\"https:\/\/docs.google.com\/forms\/d\/11AMxPAib8iH5OLwkt_oNNcxaQot5V5tltUtRsKWxoVA\/viewform?embedded=true\" width=\"100%\" height=\"1000\" frameborder=\"0\" marginwidth=\"0\" marginheight=\"0\">Loading&#8230;<\/iframe><\/p>\n","protected":false},"excerpt":{"rendered":"<p>Para solicitar a cria\u00e7\u00e3o de um website neste ambiente da Nuvem de Hotsites da Embrapa Gado de Corte, por favor, preencha o formul\u00e1rio abaixo: Loading&#8230;<\/p>\n","protected":false},"author":1,"featured_media":0,"parent":0,"menu_order":0,"comment_status":"open","ping_status":"open","template":"","meta":{"_exactmetrics_skip_tracking":false,"_exactmetrics_sitenote_active":false,"_exactmetrics_sitenote_note":"","_exactmetrics_sitenote_category":0,"footnotes":""},"class_list":["post-139","page","type-page","status-publish","hentry"],"_links":{"self":[{"href":"https:\/\/cloud.cnpgc.embrapa.br\/nti\/wp-json\/wp\/v2\/pages\/139","targetHints":{"allow":["GET"]}}],"collection":[{"href":"https:\/\/cloud.cnpgc.embrapa.br\/nti\/wp-json\/wp\/v2\/pages"}],"about":[{"href":"https:\/\/cloud.cnpgc.embrapa.br\/nti\/wp-json\/wp\/v2\/types\/page"}],"author":[{"embeddable":true,"href":"https:\/\/cloud.cnpgc.embrapa.br\/nti\/wp-json\/wp\/v2\/users\/1"}],"replies":[{"embeddable":true,"href":"https:\/\/cloud.cnpgc.embrapa.br\/nti\/wp-json\/wp\/v2\/comments?post=139"}],"version-history":[{"count":5,"href":"https:\/\/cloud.cnpgc.embrapa.br\/nti\/wp-json\/wp\/v2\/pages\/139\/revisions"}],"predecessor-version":[{"id":144,"href":"https:\/\/cloud.cnpgc.embrapa.br\/nti\/wp-json\/wp\/v2\/pages\/139\/revisions\/144"}],"wp:attachment":[{"href":"https:\/\/cloud.cnpgc.embrapa.br\/nti\/wp-json\/wp\/v2\/media?parent=139"}],"curies":[{"name":"wp","href":"https:\/\/api.w.org\/{rel}","templated":true}]}}