{"id":16,"date":"2014-06-09T13:07:26","date_gmt":"2014-06-09T13:07:26","guid":{"rendered":"http:\/\/cloud.cnpgc.embrapa.br\/nti\/?page_id=16"},"modified":"2015-05-14T08:50:42","modified_gmt":"2015-05-14T12:50:42","slug":"sistemas-de-informacao","status":"publish","type":"page","link":"https:\/\/cloud.cnpgc.embrapa.br\/nti\/sistemas-de-informacao\/","title":{"rendered":"Sistemas de Informa\u00e7\u00e3o"},"content":{"rendered":"<p style=\"text-align: justify;\">Nesta p\u00e1gina voc\u00ea pode:<\/p>\n<ol>\n<li style=\"text-align: justify;\"><a title=\"Sistema de Inscri\u00e7\u00f5es e Certificados\" href=\"http:\/\/cloud.cnpgc.embrapa.br\/nti\/inscricoes-e-certificados\/\">Solicitar a cria\u00e7\u00e3o<\/a> de sistemas online de inscri\u00e7\u00f5es em cursos e eventos e gera\u00e7\u00e3o de certificados de participa\u00e7\u00e3o.<\/li>\n<li style=\"text-align: justify;\"><a href=\"http:\/\/cloud.cnpgc.embrapa.br\/nti\/website-na-nuvem-de-hotsites\/\">Solicitar a cria\u00e7\u00e3o<\/a> de um website para\u00a0divulga\u00e7\u00e3o de eventos, cursos, projetos, publica\u00e7\u00f5es, ferramentas, redes de pesquisa ou informa\u00e7\u00f5es institucionais.<\/li>\n<\/ol>\n","protected":false},"excerpt":{"rendered":"<p>Nesta p\u00e1gina voc\u00ea pode: Solicitar a cria\u00e7\u00e3o de sistemas online de inscri\u00e7\u00f5es em cursos e eventos e gera\u00e7\u00e3o de certificados de participa\u00e7\u00e3o. Solicitar a cria\u00e7\u00e3o de um website para\u00a0divulga\u00e7\u00e3o de [&hellip;]<\/p>\n","protected":false},"author":3,"featured_media":0,"parent":0,"menu_order":0,"comment_status":"open","ping_status":"open","template":"","meta":{"_exactmetrics_skip_tracking":false,"_exactmetrics_sitenote_active":false,"_exactmetrics_sitenote_note":"","_exactmetrics_sitenote_category":0,"footnotes":""},"class_list":["post-16","page","type-page","status-publish","hentry"],"_links":{"self":[{"href":"https:\/\/cloud.cnpgc.embrapa.br\/nti\/wp-json\/wp\/v2\/pages\/16","targetHints":{"allow":["GET"]}}],"collection":[{"href":"https:\/\/cloud.cnpgc.embrapa.br\/nti\/wp-json\/wp\/v2\/pages"}],"about":[{"href":"https:\/\/cloud.cnpgc.embrapa.br\/nti\/wp-json\/wp\/v2\/types\/page"}],"author":[{"embeddable":true,"href":"https:\/\/cloud.cnpgc.embrapa.br\/nti\/wp-json\/wp\/v2\/users\/3"}],"replies":[{"embeddable":true,"href":"https:\/\/cloud.cnpgc.embrapa.br\/nti\/wp-json\/wp\/v2\/comments?post=16"}],"version-history":[{"count":5,"href":"https:\/\/cloud.cnpgc.embrapa.br\/nti\/wp-json\/wp\/v2\/pages\/16\/revisions"}],"predecessor-version":[{"id":145,"href":"https:\/\/cloud.cnpgc.embrapa.br\/nti\/wp-json\/wp\/v2\/pages\/16\/revisions\/145"}],"wp:attachment":[{"href":"https:\/\/cloud.cnpgc.embrapa.br\/nti\/wp-json\/wp\/v2\/media?parent=16"}],"curies":[{"name":"wp","href":"https:\/\/api.w.org\/{rel}","templated":true}]}}