{"id":45,"date":"2014-09-03T01:56:21","date_gmt":"2014-09-03T01:56:21","guid":{"rendered":"http:\/\/cloud.cnpgc.embrapa.br\/nti\/?page_id=45"},"modified":"2014-09-03T01:59:48","modified_gmt":"2014-09-03T01:59:48","slug":"inscricoes-e-certificados","status":"publish","type":"page","link":"https:\/\/cloud.cnpgc.embrapa.br\/nti\/inscricoes-e-certificados\/","title":{"rendered":"Sistema de Inscri\u00e7\u00f5es e Certificados"},"content":{"rendered":"<p style=\"text-align: justify;\">Para solicitar a cria\u00e7\u00e3o de uma aplica\u00e7\u00e3o Web para inscri\u00e7\u00e3o online em cursos ou eventos e posterior emiss\u00e3o automatizada de certificados (em formato digital), por favor, preencha o formul\u00e1rio abaixo:<\/p>\n<p><iframe src=\"https:\/\/docs.google.com\/forms\/d\/1d2JmidY4SZsvJM-onP9_oSoPeghNnWRm47hDFw-K4SA\/viewform?embedded=true\" width=\"100%\" height=\"500\" frameborder=\"0\" marginheight=\"0\" marginwidth=\"0\" style=\"border: #EEE 2px solid; width: 100%; height: 500px; overflow: auto;\">Loading&#8230;<\/iframe><\/p>\n","protected":false},"excerpt":{"rendered":"<p>Para solicitar a cria\u00e7\u00e3o de uma aplica\u00e7\u00e3o Web para inscri\u00e7\u00e3o online em cursos ou eventos e posterior emiss\u00e3o automatizada de certificados (em formato digital), por favor, preencha o formul\u00e1rio abaixo: [&hellip;]<\/p>\n","protected":false},"author":1,"featured_media":0,"parent":0,"menu_order":0,"comment_status":"open","ping_status":"open","template":"","meta":{"_exactmetrics_skip_tracking":false,"_exactmetrics_sitenote_active":false,"_exactmetrics_sitenote_note":"","_exactmetrics_sitenote_category":0,"footnotes":""},"class_list":["post-45","page","type-page","status-publish","hentry"],"_links":{"self":[{"href":"https:\/\/cloud.cnpgc.embrapa.br\/nti\/wp-json\/wp\/v2\/pages\/45","targetHints":{"allow":["GET"]}}],"collection":[{"href":"https:\/\/cloud.cnpgc.embrapa.br\/nti\/wp-json\/wp\/v2\/pages"}],"about":[{"href":"https:\/\/cloud.cnpgc.embrapa.br\/nti\/wp-json\/wp\/v2\/types\/page"}],"author":[{"embeddable":true,"href":"https:\/\/cloud.cnpgc.embrapa.br\/nti\/wp-json\/wp\/v2\/users\/1"}],"replies":[{"embeddable":true,"href":"https:\/\/cloud.cnpgc.embrapa.br\/nti\/wp-json\/wp\/v2\/comments?post=45"}],"version-history":[{"count":4,"href":"https:\/\/cloud.cnpgc.embrapa.br\/nti\/wp-json\/wp\/v2\/pages\/45\/revisions"}],"predecessor-version":[{"id":152,"href":"https:\/\/cloud.cnpgc.embrapa.br\/nti\/wp-json\/wp\/v2\/pages\/45\/revisions\/152"}],"wp:attachment":[{"href":"https:\/\/cloud.cnpgc.embrapa.br\/nti\/wp-json\/wp\/v2\/media?parent=45"}],"curies":[{"name":"wp","href":"https:\/\/api.w.org\/{rel}","templated":true}]}}