{"id":5,"date":"2014-06-09T12:53:54","date_gmt":"2014-06-09T12:53:54","guid":{"rendered":"http:\/\/cloud.cnpgc.embrapa.br\/nti\/?page_id=5"},"modified":"2024-05-10T13:59:52","modified_gmt":"2024-05-10T17:59:52","slug":"sobre","status":"publish","type":"page","link":"https:\/\/cloud.cnpgc.embrapa.br\/nti\/","title":{"rendered":"Apresenta\u00e7\u00e3o"},"content":{"rendered":"<p style=\"text-align: justify;\"><span style=\"color: #666666;\">A Tecnologia da Informa\u00e7\u00e3o (TI) tem um papel fundamental no planejamento e na implanta\u00e7\u00e3o das estrat\u00e9gias organizacionais e no apoio \u00e0s atividades da Embrapa.\u00a0<\/span>Para efetivar estas a\u00e7\u00f5es,\u00a0a <a href=\"http:\/\/www.embrapa.br\/gado-de-corte\" target=\"_blank\" rel=\"noopener\">Embrapa Gado de Corte<\/a> tem o <strong>N\u00facleo de Tecnologia da Informa\u00e7\u00e3o &#8211; NTI<\/strong>.<\/p>\n<p style=\"text-align: justify;\">O NTI atua sobre os quatro macroprocessos da TI: <a href=\"http:\/\/cloud.cnpgc.embrapa.br\/nti\/governanca\/\">governan\u00e7a<\/a>, <a href=\"http:\/\/cloud.cnpgc.embrapa.br\/nti\/infraestrutura\/\">infraestrutura<\/a>, <a href=\"http:\/\/cloud.cnpgc.embrapa.br\/nti\/sistemas-de-informacao\/\">sistemas de informa\u00e7\u00e3o<\/a> e <a href=\"http:\/\/cloud.cnpgc.embrapa.br\/nti\/relacionamento-cliente\/\">relacionamento com o cliente<\/a>.<\/p>\n<h1 style=\"text-align: justify;\">\u00a0<\/h1>\n<h1 style=\"text-align: justify;\">Miss\u00e3o<\/h1>\n<p style=\"text-align: justify;\">Prover solu\u00e7\u00f5es de Tecnologia da Informa\u00e7\u00e3o e Comunica\u00e7\u00e3o (TIC) para que a Embrapa\u00a0Gado de Corte possa alcan\u00e7ar seus objetivos.<\/p>\n<h1 style=\"text-align: justify;\">\u00a0<\/h1>\n<h1 style=\"text-align: justify;\">Vis\u00e3o<\/h1>\n<p style=\"text-align: justify;\">Ser refer\u00eancia em efic\u00e1cia e efici\u00eancia na condu\u00e7\u00e3o de suas atividades.<\/p>\n<h1 style=\"text-align: justify;\">\u00a0<\/h1>\n<h1 style=\"text-align: justify;\">Valores<\/h1>\n<p>O seguintes valores regem a atua\u00e7\u00e3o do NTI:<\/p>\n<ul>\n<li style=\"text-align: justify;\">Efic\u00e1cia;<\/li>\n<li style=\"text-align: justify;\">Efici\u00eancia;<\/li>\n<li style=\"text-align: justify;\">Comprometimento;<\/li>\n<li style=\"text-align: justify;\">Proatividade;<\/li>\n<li style=\"text-align: justify;\">Respeito ao bem p\u00fablico;<\/li>\n<li style=\"text-align: justify;\">Preocupa\u00e7\u00e3o com a satisfa\u00e7\u00e3o do cliente;<\/li>\n<li style=\"text-align: justify;\">Produ\u00e7\u00e3o\u00a0colaborativa; e<\/li>\n<li style=\"text-align: justify;\">Transpar\u00eancia.<\/li>\n<\/ul>\n<h1>Equipe<\/h1>\n<p style=\"text-align: center;\"><b>Josimar Lima do Nascimento<\/b><br \/>Supervisor<\/p>\n<p style=\"text-align: center;\"><a href=\"https:\/\/www.embrapa.br\/equipe\/-\/empregado\/260528\/carlo-cesar-simioli-garcia\" target=\"_blank\" rel=\"noopener\">Carlo C\u00e9sar Simioli Garcia<\/a><\/p>\n<p style=\"text-align: center;\"><a href=\"https:\/\/www.embrapa.br\/equipe\/-\/empregado\/319050\/carlos-alberto-soares-lubas\">Carlos Alberto Soares Lubas<\/a><\/p>\n<p style=\"text-align: center;\">Elcione Ramos Simpl\u00edcio<\/p>\n<p style=\"text-align: center;\"><a href=\"https:\/\/www.embrapa.br\/equipe\/-\/empregado\/297563\/josenei-vale-dos-santos\" target=\"_blank\" rel=\"noopener\">Josenei Vale dos Santos<\/a><\/p>\n\n\n<p><\/p>\n","protected":false},"excerpt":{"rendered":"<p>A Tecnologia da Informa\u00e7\u00e3o (TI) tem um papel fundamental no planejamento e na implanta\u00e7\u00e3o das estrat\u00e9gias organizacionais e no apoio \u00e0s atividades da Embrapa.\u00a0Para efetivar estas a\u00e7\u00f5es,\u00a0a Embrapa Gado de [&hellip;]<\/p>\n","protected":false},"author":3,"featured_media":0,"parent":0,"menu_order":0,"comment_status":"open","ping_status":"open","template":"","meta":{"_exactmetrics_skip_tracking":false,"_exactmetrics_sitenote_active":false,"_exactmetrics_sitenote_note":"","_exactmetrics_sitenote_category":0,"footnotes":""},"class_list":["post-5","page","type-page","status-publish","hentry"],"_links":{"self":[{"href":"https:\/\/cloud.cnpgc.embrapa.br\/nti\/wp-json\/wp\/v2\/pages\/5","targetHints":{"allow":["GET"]}}],"collection":[{"href":"https:\/\/cloud.cnpgc.embrapa.br\/nti\/wp-json\/wp\/v2\/pages"}],"about":[{"href":"https:\/\/cloud.cnpgc.embrapa.br\/nti\/wp-json\/wp\/v2\/types\/page"}],"author":[{"embeddable":true,"href":"https:\/\/cloud.cnpgc.embrapa.br\/nti\/wp-json\/wp\/v2\/users\/3"}],"replies":[{"embeddable":true,"href":"https:\/\/cloud.cnpgc.embrapa.br\/nti\/wp-json\/wp\/v2\/comments?post=5"}],"version-history":[{"count":18,"href":"https:\/\/cloud.cnpgc.embrapa.br\/nti\/wp-json\/wp\/v2\/pages\/5\/revisions"}],"predecessor-version":[{"id":169,"href":"https:\/\/cloud.cnpgc.embrapa.br\/nti\/wp-json\/wp\/v2\/pages\/5\/revisions\/169"}],"wp:attachment":[{"href":"https:\/\/cloud.cnpgc.embrapa.br\/nti\/wp-json\/wp\/v2\/media?parent=5"}],"curies":[{"name":"wp","href":"https:\/\/api.w.org\/{rel}","templated":true}]}}