{"id":57,"date":"2014-09-22T18:32:55","date_gmt":"2014-09-22T18:32:55","guid":{"rendered":"http:\/\/cloud.cnpgc.embrapa.br\/nti\/?page_id=57"},"modified":"2015-04-16T16:22:57","modified_gmt":"2015-04-16T20:22:57","slug":"diagnostico-de-necessidade-de-estacao-de-trabalho","status":"publish","type":"page","link":"https:\/\/cloud.cnpgc.embrapa.br\/nti\/diagnostico-de-necessidade-de-estacao-de-trabalho\/","title":{"rendered":"Diagn\u00f3stico de Necessidade de Esta\u00e7\u00e3o de Trabalho"},"content":{"rendered":"<p style=\"text-align: justify;\">Para requisi\u00e7\u00e3o uma nova esta\u00e7\u00e3o de trabalho ou a substitui\u00e7\u00e3o de uma antiga, por favor, preencha o formul\u00e1rio abaixo. Para conhecer os crit\u00e9rios de ced\u00eancia e prioriza\u00e7\u00e3o adotados pela Unidade,\u00a0leia a <a href=\"http:\/\/cloud.cnpgc.embrapa.br\/nti\/files\/2014\/09\/Norma_para_Disponibilizacao_e_Renovacao_de_Estacoes_de_Trabalho.pdf\">Norma de\u00a0Renova\u00e7\u00e3o e Moderniza\u00e7\u00e3o de Esta\u00e7\u00f5es de Trabalho da Embrapa Gado de Corte<\/a>.<\/p>\n<p style=\"text-align: justify;\">A configura\u00e7\u00e3o atual dos computadores novos, dispon\u00edveis no NTI, \u00e9 a seguinte: <strong>computador do tipo desktop, da marca <a href=\"http:\/\/www.positivoinformatica.com.br\/\" target=\"_blank\">Positivo<\/a>, com processador Intel Core i5 (modelo 3470 com 3,2 Ghz), 16GB de mem\u00f3ria RAM, HD de 1TB e monitor com tela IPS de 23 polegadas<\/strong>. Repare, no entanto, que a configura\u00e7\u00e3o do computador disponibilizado poder\u00e1 ser diferente desta em fun\u00e7\u00e3o do objetivo de uso da m\u00e1quina. Por exemplo, caso seja\u00a0destinada ao uso exclusivamente em equipamentos ou por estagi\u00e1rios e bolsistas, poder\u00e1 ser disponibilizada um esta\u00e7\u00e3o de trabalho usada (que ainda esteja em per\u00edodo de garantia).<\/p>\n<p><iframe style=\"border: #EEE 2px solid; width: 100%; height: 500px; overflow: auto;\" src=\"https:\/\/docs.google.com\/forms\/d\/1kglywnRaUOg_c3WZaKjY9219HXdzo8RvcvPDl86J1tI\/viewform?embedded=true\" width=\"100%\" height=\"500\" frameborder=\"0\" marginwidth=\"0\" marginheight=\"0\">Loading&#8230;<\/iframe><\/p>\n","protected":false},"excerpt":{"rendered":"<p>Para requisi\u00e7\u00e3o uma nova esta\u00e7\u00e3o de trabalho ou a substitui\u00e7\u00e3o de uma antiga, por favor, preencha o formul\u00e1rio abaixo. Para conhecer os crit\u00e9rios de ced\u00eancia e prioriza\u00e7\u00e3o adotados pela Unidade,\u00a0leia [&hellip;]<\/p>\n","protected":false},"author":1,"featured_media":0,"parent":0,"menu_order":0,"comment_status":"open","ping_status":"open","template":"","meta":{"_exactmetrics_skip_tracking":false,"_exactmetrics_sitenote_active":false,"_exactmetrics_sitenote_note":"","_exactmetrics_sitenote_category":0,"footnotes":""},"class_list":["post-57","page","type-page","status-publish","hentry"],"_links":{"self":[{"href":"https:\/\/cloud.cnpgc.embrapa.br\/nti\/wp-json\/wp\/v2\/pages\/57","targetHints":{"allow":["GET"]}}],"collection":[{"href":"https:\/\/cloud.cnpgc.embrapa.br\/nti\/wp-json\/wp\/v2\/pages"}],"about":[{"href":"https:\/\/cloud.cnpgc.embrapa.br\/nti\/wp-json\/wp\/v2\/types\/page"}],"author":[{"embeddable":true,"href":"https:\/\/cloud.cnpgc.embrapa.br\/nti\/wp-json\/wp\/v2\/users\/1"}],"replies":[{"embeddable":true,"href":"https:\/\/cloud.cnpgc.embrapa.br\/nti\/wp-json\/wp\/v2\/comments?post=57"}],"version-history":[{"count":8,"href":"https:\/\/cloud.cnpgc.embrapa.br\/nti\/wp-json\/wp\/v2\/pages\/57\/revisions"}],"predecessor-version":[{"id":107,"href":"https:\/\/cloud.cnpgc.embrapa.br\/nti\/wp-json\/wp\/v2\/pages\/57\/revisions\/107"}],"wp:attachment":[{"href":"https:\/\/cloud.cnpgc.embrapa.br\/nti\/wp-json\/wp\/v2\/media?parent=57"}],"curies":[{"name":"wp","href":"https:\/\/api.w.org\/{rel}","templated":true}]}}