{"id":2,"date":"2013-08-05T12:10:33","date_gmt":"2013-08-05T12:10:33","guid":{"rendered":"http:\/\/cloud.cnpgc.embrapa.br\/suplementa-certo\/?page_id=2"},"modified":"2015-05-21T08:33:13","modified_gmt":"2015-05-21T12:33:13","slug":"sobre","status":"publish","type":"page","link":"https:\/\/cloud.cnpgc.embrapa.br\/suplementa-certo\/","title":{"rendered":"Sobre"},"content":{"rendered":"<p style=\"text-align: center;\"><iframe width=\"420\" height=\"345\" style=\"border-width: 0px;\" src=\"https:\/\/www.youtube.com\/embed\/OKnPyG1tngI\"><\/iframe><\/p>\n<p style=\"text-align: justify;\">Obter bons resultados na produ\u00e7\u00e3o de carne a pasto n\u00e3o depende apenas de vari\u00e1veis como disponibilidade de forrageiras, qualidade do pasto, formas de manejos e condi\u00e7\u00f5es clim\u00e1ticas. O produtor precisa saber como investir, sobretudo, no per\u00edodo seco, momento mais cr\u00edtico para suplementar o gado. Entretanto, tomar certas decis\u00f5es com presteza e assertividade n\u00e3o \u00e9 tarefa f\u00e1cil, ainda mais se isso envolve perdas e ganhos.<\/p>\n<p style=\"text-align: justify;\">Para auxiliar na tomada de decis\u00e3o do produtor e na avalia\u00e7\u00e3o do benef\u00edcio\/custo da suplementa\u00e7\u00e3o no per\u00edodo da seca, a <a href=\"http:\/\/www.embrapa.br\" target=\"_blank\">Empresa Brasileira de Pesquisa Agropecu\u00e1ria &#8211; Embrapa<\/a>, vinculada ao <a href=\"http:\/\/www.mapa.gov.br\" target=\"_blank\">Minist\u00e9rio da Agricultura e Pecu\u00e1ria<\/a> lan\u00e7a o <strong>$uplementa Certo<\/strong>, primeiro aplicativo para smartphones e tablets, com sistema operacional Android, desenvolvido com o objetivo de ajudar na escolha de produtos e estrat\u00e9gias pertinentes a nutri\u00e7\u00e3o de bovinos de corte.<\/p>\n<p style=\"text-align: center;\"><a href=\"http:\/\/cloud.cnpgc.embrapa.br\/suplementa-certo\/files\/2013\/08\/cloud_screens_exp.png\" rel=\"prettyPhoto\"><img fetchpriority=\"high\" decoding=\"async\" class=\"aligncenter  wp-image-12\" src=\"http:\/\/cloud.cnpgc.embrapa.br\/suplementa-certo\/files\/2013\/08\/cloud_screens_exp.png\" alt=\"cloud_screens_exp\" width=\"540\" height=\"159\" \/><\/a><\/p>\n<p style=\"text-align: justify;\">Fruto da parceria entre a <a href=\"http:\/\/www.cnpgc.embrapa.br\" target=\"_blank\">Embrapa Gado de Corte<\/a> e a <a href=\"http:\/\/www.ufms.br\" target=\"_blank\">Universidade Federal de Mato Grosso do Sul (UFMS)<\/a>, a <strong>aplica\u00e7\u00e3o para avalia\u00e7\u00e3o de benef\u00edcio\/custo da suplementa\u00e7\u00e3o na seca<\/strong> permite comparar, dentro de um mesmo tipo de suplementa\u00e7\u00e3o, produtos de diferentes marcas. Al\u00e9m disso, realiza a compara\u00e7\u00e3o entre tipos distintos de suplementa\u00e7\u00e3o, ou seja, suplementa\u00e7\u00e3o com sal proteinado e semiconfinamento. Outra informa\u00e7\u00e3o dispon\u00edvel no programa \u00e9 o n\u00famero m\u00ednimo de cochos que deve ser disponibilizado ao lote a ser suplementado. Na vis\u00e3o do idealizador e pesquisador da Embrapa, <a href=\"http:\/\/pandora.cnpgc.embrapa.br\/staff\/Sergio-Medeiros\" target=\"_blank\">S\u00e9rgio Raposo de Medeiros<\/a>, esse \u00e9 um diferencial importante do aplicativo.<\/p>\n<p style=\"text-align: justify;\">&#8220;<em>A quantidade m\u00ednima de cochos varia dependendo da estrat\u00e9gia, proteinado ou semiconfinamento, do porte dos animais, e do n\u00famero de animais do lote. Esse \u00e9 um dos principais motivos para resultado sub-\u00f3timos da suplementa\u00e7\u00e3o e, portanto, uma informa\u00e7\u00e3o que aumenta a chance de obten\u00e7\u00e3o do potencial da t\u00e9cnica no campo<\/em>&#8220;, ressalta Raposo.<\/p>\n<p style=\"text-align: justify;\">Ao inserir as informa\u00e7\u00f5es sobre os produtos e o lote de animais a ser suplementado, o pecuarista ter\u00e1 acesso, ap\u00f3s a compara\u00e7\u00e3o dos dados, a \u00edndices que mostram a margem da suplementa\u00e7\u00e3o, que corresponde \u00e0 diferen\u00e7a entre a Receita e o Custo da estrat\u00e9gia e\/ou produto analisado; o ganho de peso que recupera o investimento, chamado de ponto de equil\u00edbrio, e o retorno, em reais, para cada real investido. &#8220;<em>Seja qual for o crit\u00e9rio usado para a escolha, a ferramenta auxilia o produtor a tomar uma decis\u00e3o mais segura, permitindo a obten\u00e7\u00e3o de resultados superiores<\/em>&#8220;, explica.<\/p>\n<p style=\"text-align: justify;\">Com a ado\u00e7\u00e3o da tecnologia espera-se impactar a pr\u00e1tica da suplementa\u00e7\u00e3o, principalmente, na margem de escolha e a\u00e7\u00e3o do produtor. A expectativa, segundo Raposo, \u00e9 de incentivar uma atividade mais consciente, na qual o pecuarista esteja mais conectado com os resultados e engajado na cobran\u00e7a por produtos de suplementa\u00e7\u00e3o de melhor desempenho. Portanto, com o uso do aplicativo anseia-se que haja maior controle nas tomadas de decis\u00f5es.<\/p>\n<p style=\"text-align: justify;\">O lan\u00e7amento do aplicativo <strong>$uplementa Certo<\/strong> confirma o esfor\u00e7o cont\u00ednuo da Embrapa em transferir tecnologia para a comunidade rural. O software <span style=\"text-decoration: underline;\">gratuito<\/span> integra as principais metodologias para c\u00e1lculo do custo-benef\u00edcio no uso da suplementa\u00e7\u00e3o animal bovina no per\u00edodo de estiagem. Tudo isso na comodidade de um <em>smartphone<\/em>, um <em>tablet<\/em> ou qualquer outro dispositivo m\u00f3vel que possua o sistema operacional Android. Vale ressaltar, que o seu uso n\u00e3o depende da internet.<\/p>\n<p style=\"text-align: justify;\">Fa\u00e7a <a href=\"https:\/\/play.google.com\/store\/apps\/details?id=br.embrapa.cnpgc.bcss\" target=\"_blank\">download<\/a> agora mesmo desta novidade e <a href=\"http:\/\/cloud.cnpgc.embrapa.br\/suplementa-certo\/contato\/\" target=\"_blank\">conte-nos<\/a> o que achou!<\/p>\n","protected":false},"excerpt":{"rendered":"<p>Obter bons resultados na produ\u00e7\u00e3o de carne a pasto n\u00e3o depende apenas de vari\u00e1veis como disponibilidade de forrageiras, qualidade do pasto, formas de manejos e condi\u00e7\u00f5es clim\u00e1ticas. O produtor precisa [&hellip;]<\/p>\n","protected":false},"author":1,"featured_media":0,"parent":0,"menu_order":0,"comment_status":"open","ping_status":"open","template":"","meta":{"_exactmetrics_skip_tracking":false,"_exactmetrics_sitenote_active":false,"_exactmetrics_sitenote_note":"","_exactmetrics_sitenote_category":0,"footnotes":""},"class_list":["post-2","page","type-page","status-publish","hentry"],"_links":{"self":[{"href":"https:\/\/cloud.cnpgc.embrapa.br\/suplementa-certo\/wp-json\/wp\/v2\/pages\/2","targetHints":{"allow":["GET"]}}],"collection":[{"href":"https:\/\/cloud.cnpgc.embrapa.br\/suplementa-certo\/wp-json\/wp\/v2\/pages"}],"about":[{"href":"https:\/\/cloud.cnpgc.embrapa.br\/suplementa-certo\/wp-json\/wp\/v2\/types\/page"}],"author":[{"embeddable":true,"href":"https:\/\/cloud.cnpgc.embrapa.br\/suplementa-certo\/wp-json\/wp\/v2\/users\/1"}],"replies":[{"embeddable":true,"href":"https:\/\/cloud.cnpgc.embrapa.br\/suplementa-certo\/wp-json\/wp\/v2\/comments?post=2"}],"version-history":[{"count":9,"href":"https:\/\/cloud.cnpgc.embrapa.br\/suplementa-certo\/wp-json\/wp\/v2\/pages\/2\/revisions"}],"predecessor-version":[{"id":28,"href":"https:\/\/cloud.cnpgc.embrapa.br\/suplementa-certo\/wp-json\/wp\/v2\/pages\/2\/revisions\/28"}],"wp:attachment":[{"href":"https:\/\/cloud.cnpgc.embrapa.br\/suplementa-certo\/wp-json\/wp\/v2\/media?parent=2"}],"curies":[{"name":"wp","href":"https:\/\/api.w.org\/{rel}","templated":true}]}}